{"id":4629,"date":"2025-06-20T15:24:09","date_gmt":"2025-06-20T13:24:09","guid":{"rendered":"http:\/\/vitaincasa.it\/?page_id=4629"},"modified":"2025-06-20T15:24:09","modified_gmt":"2025-06-20T13:24:09","slug":"chi-siamo","status":"publish","type":"page","link":"https:\/\/vitaincasa.it\/index.php\/chi-siamo\/","title":{"rendered":"Chi Siamo"},"content":{"rendered":"\n<p><strong>Chi Siamo<\/strong><\/p>\n\n\n\n<p>Benvenuti su <strong>Vitaincasa.it<\/strong>, il portale dedicato a chi desidera prendersi cura della propria casa e del proprio benessere in modo consapevole e responsabile.<br>Trattiamo argomenti legati alla salute domestica, al risparmio energetico, alla gestione delle finanze personali, al comfort quotidiano e a uno stile di vita sano.<\/p>\n\n\n\n<p>La nostra missione \u00e8 offrire consigli pratici, approfondimenti utili e idee innovative per migliorare la qualit\u00e0 della vita tra le mura di casa.<br>Ogni contenuto \u00e8 realizzato con cura e attenzione, per garantire informazioni affidabili e aggiornate.<\/p>\n\n\n\n<p>Grazie per averci scelto come punto di riferimento per la vostra casa e il vostro benessere!<\/p>\n","protected":false},"excerpt":{"rendered":"<p>Chi Siamo Benvenuti su Vitaincasa.it, il portale dedicato a chi desidera prendersi cura della propria casa e del proprio benessere in modo consapevole e responsabile.Trattiamo argomenti legati alla salute domestica, al risparmio energetico, alla gestione delle finanze personali, al comfort quotidiano e a uno stile di vita sano. La nostra missione \u00e8 offrire consigli pratici,<\/p>\n","protected":false},"author":1,"featured_media":0,"parent":0,"menu_order":0,"comment_status":"closed","ping_status":"closed","template":"","meta":{"footnotes":""},"class_list":["post-4629","page","type-page","status-publish"],"_links":{"self":[{"href":"https:\/\/vitaincasa.it\/index.php\/wp-json\/wp\/v2\/pages\/4629","targetHints":{"allow":["GET"]}}],"collection":[{"href":"https:\/\/vitaincasa.it\/index.php\/wp-json\/wp\/v2\/pages"}],"about":[{"href":"https:\/\/vitaincasa.it\/index.php\/wp-json\/wp\/v2\/types\/page"}],"author":[{"embeddable":true,"href":"https:\/\/vitaincasa.it\/index.php\/wp-json\/wp\/v2\/users\/1"}],"replies":[{"embeddable":true,"href":"https:\/\/vitaincasa.it\/index.php\/wp-json\/wp\/v2\/comments?post=4629"}],"version-history":[{"count":1,"href":"https:\/\/vitaincasa.it\/index.php\/wp-json\/wp\/v2\/pages\/4629\/revisions"}],"predecessor-version":[{"id":4635,"href":"https:\/\/vitaincasa.it\/index.php\/wp-json\/wp\/v2\/pages\/4629\/revisions\/4635"}],"wp:attachment":[{"href":"https:\/\/vitaincasa.it\/index.php\/wp-json\/wp\/v2\/media?parent=4629"}],"curies":[{"name":"wp","href":"https:\/\/api.w.org\/{rel}","templated":true}]}}